{"id":15647,"date":"2025-04-11T11:16:09","date_gmt":"2025-04-11T16:16:09","guid":{"rendered":"https:\/\/oga.com.co\/?page_id=15647"},"modified":"2025-06-25T20:49:10","modified_gmt":"2025-06-26T01:49:10","slug":"mensaje-recibido-oga-sistemvac","status":"publish","type":"page","link":"https:\/\/oga.com.co\/es\/mensaje-recibido-oga-sistemvac\/","title":{"rendered":"P\u00e1gina Agradecimiento"},"content":{"rendered":"\t\t<div data-elementor-type=\"wp-page\" data-elementor-id=\"15647\" class=\"elementor elementor-15647\" data-elementor-post-type=\"page\">\n\t\t\t\t<div class=\"elementor-element elementor-element-c02bd8c e-flex e-con-boxed e-con e-parent\" data-id=\"c02bd8c\" data-element_type=\"container\" data-e-type=\"container\">\n\t\t\t\t\t<div class=\"e-con-inner\">\n\t\t\t\t<div class=\"elementor-element elementor-element-2621632 elementor-widget elementor-widget-spacer\" data-id=\"2621632\" data-element_type=\"widget\" data-e-type=\"widget\" data-widget_type=\"spacer.default\">\n\t\t\t\t<div class=\"elementor-widget-container\">\n\t\t\t\t\t\t\t<div class=\"elementor-spacer\">\n\t\t\t<div class=\"elementor-spacer-inner\"><\/div>\n\t\t<\/div>\n\t\t\t\t\t\t<\/div>\n\t\t\t\t<\/div>\n\t\t\t\t<div class=\"elementor-element elementor-element-054e2e9 elementor-widget elementor-widget-heading\" data-id=\"054e2e9\" data-element_type=\"widget\" data-e-type=\"widget\" data-widget_type=\"heading.default\">\n\t\t\t\t<div class=\"elementor-widget-container\">\n\t\t\t\t\t<h2 class=\"elementor-heading-title elementor-size-default\">\u00a1GRACIAS POR TU MENSAJE!<\/h2>\t\t\t\t<\/div>\n\t\t\t\t<\/div>\n\t\t\t\t<div class=\"elementor-element elementor-element-1443fd7 elementor-widget elementor-widget-text-editor\" data-id=\"1443fd7\" data-element_type=\"widget\" data-e-type=\"widget\" data-widget_type=\"text-editor.default\">\n\t\t\t\t<div class=\"elementor-widget-container\">\n\t\t\t\t\t\t\t\t\t<h6 data-start=\"572\" data-end=\"618\"><strong>Confirmaci\u00f3n de contacto con OGA SISTEMVAC<\/strong><\/h6><p data-start=\"620\" data-end=\"892\">Tu mensaje ha sido recibido correctamente por el equipo de especialistas de <strong data-start=\"696\" data-end=\"713\">OGA SISTEMVAC<\/strong>. Hemos registrado tu solicitud y ser\u00e1 asignada a uno de nuestros profesionales seg\u00fan tu ubicaci\u00f3n geogr\u00e1fica para garantizarte una atenci\u00f3n <strong data-start=\"854\" data-end=\"891\">personalizada, precisa y oportuna<\/strong>.<\/p>\t\t\t\t\t\t\t\t<\/div>\n\t\t\t\t<\/div>\n\t\t\t\t<div class=\"elementor-element elementor-element-8dba727 elementor-widget-divider--view-line elementor-widget elementor-widget-divider\" data-id=\"8dba727\" data-element_type=\"widget\" data-e-type=\"widget\" data-widget_type=\"divider.default\">\n\t\t\t\t<div class=\"elementor-widget-container\">\n\t\t\t\t\t\t\t<div class=\"elementor-divider\">\n\t\t\t<span class=\"elementor-divider-separator\">\n\t\t\t\t\t\t<\/span>\n\t\t<\/div>\n\t\t\t\t\t\t<\/div>\n\t\t\t\t<\/div>\n\t\t\t\t<div class=\"elementor-element elementor-element-bb44949 elementor-widget elementor-widget-text-editor\" data-id=\"bb44949\" data-element_type=\"widget\" data-e-type=\"widget\" data-widget_type=\"text-editor.default\">\n\t\t\t\t<div class=\"elementor-widget-container\">\n\t\t\t\t\t\t\t\t\t<h6 data-start=\"572\" data-end=\"618\"><strong>\u00bfQu\u00e9 sigue despu\u00e9s de enviar tu mensaje a OGA SISTEMVAC?<\/strong><\/h6><p data-start=\"961\" data-end=\"1236\"><em>Mensaje recibido OGA SISTEMVA<\/em>C &#8211; Recibir\u00e1s una respuesta en el menor tiempo posible por parte de un asesor t\u00e9cnico especializado. Por favor, permanece atento a tu <strong data-start=\"1091\" data-end=\"1113\">correo electr\u00f3nico<\/strong> y n\u00famero de contacto, ya que es probable que te contactemos directamente para entender mejor tu necesidad o requerimiento.<\/p><p data-start=\"1238\" data-end=\"1369\">En OGA SISTEMVAC, nos comprometemos a brindarte soluciones industriales seguras, con tecnolog\u00eda confiable y asesor\u00eda profesional.<\/p>\t\t\t\t\t\t\t\t<\/div>\n\t\t\t\t<\/div>\n\t\t\t\t<div class=\"elementor-element elementor-element-006ad42 elementor-widget elementor-widget-spacer\" data-id=\"006ad42\" data-element_type=\"widget\" data-e-type=\"widget\" data-widget_type=\"spacer.default\">\n\t\t\t\t<div class=\"elementor-widget-container\">\n\t\t\t\t\t\t\t<div class=\"elementor-spacer\">\n\t\t\t<div class=\"elementor-spacer-inner\"><\/div>\n\t\t<\/div>\n\t\t\t\t\t\t<\/div>\n\t\t\t\t<\/div>\n\t\t\t\t\t<\/div>\n\t\t\t\t<\/div>\n\t\t<div class=\"elementor-element elementor-element-1f4e1ff5 e-flex e-con-boxed e-con e-parent\" data-id=\"1f4e1ff5\" data-element_type=\"container\" data-e-type=\"container\">\n\t\t\t\t\t<div class=\"e-con-inner\">\n\t\t<div class=\"elementor-element elementor-element-58ec5efb e-con-full e-flex e-con e-child\" data-id=\"58ec5efb\" data-element_type=\"container\" data-e-type=\"container\">\n\t\t\t\t<div class=\"elementor-element elementor-element-4c388fa1 elementor-hidden-mobile elementor-widget elementor-widget-spacer\" data-id=\"4c388fa1\" data-element_type=\"widget\" data-e-type=\"widget\" data-widget_type=\"spacer.default\">\n\t\t\t\t<div class=\"elementor-widget-container\">\n\t\t\t\t\t\t\t<div class=\"elementor-spacer\">\n\t\t\t<div class=\"elementor-spacer-inner\"><\/div>\n\t\t<\/div>\n\t\t\t\t\t\t<\/div>\n\t\t\t\t<\/div>\n\t\t\t\t<div class=\"elementor-element elementor-element-67769422 elementor-widget elementor-widget-heading\" data-id=\"67769422\" data-element_type=\"widget\" data-e-type=\"widget\" data-widget_type=\"heading.default\">\n\t\t\t\t<div class=\"elementor-widget-container\">\n\t\t\t\t\t<h2 class=\"elementor-heading-title elementor-size-default\"><a href=\"https:\/\/oga.com.co\/nosotros-empresa-transporte-neumatico\/\">M\u00e1s de 3.000 sistemas instalados en el mundo<\/a><\/h2>\t\t\t\t<\/div>\n\t\t\t\t<\/div>\n\t\t\t\t<div class=\"elementor-element elementor-element-3d1d4449 elementor-widget elementor-widget-text-editor\" data-id=\"3d1d4449\" data-element_type=\"widget\" data-e-type=\"widget\" data-widget_type=\"text-editor.default\">\n\t\t\t\t<div class=\"elementor-widget-container\">\n\t\t\t\t\t\t\t\t\t<p>Nuestra tecnolog\u00eda recorre el mundo moviendo materiales con eficiencia, precisi\u00f3n y confiabilidad industrial..<\/p>\t\t\t\t\t\t\t\t<\/div>\n\t\t\t\t<\/div>\n\t\t\t\t<\/div>\n\t\t<div class=\"elementor-element elementor-element-40f7f931 e-con-full e-flex e-con e-child\" data-id=\"40f7f931\" data-element_type=\"container\" data-e-type=\"container\">\n\t\t\t\t<div class=\"elementor-element elementor-element-b4087f4 elementor-widget elementor-widget-shortcode\" data-id=\"b4087f4\" data-element_type=\"widget\" data-e-type=\"widget\" data-widget_type=\"shortcode.default\">\n\t\t\t\t<div class=\"elementor-widget-container\">\n\t\t\t\t\t\t\t<div class=\"elementor-shortcode\"><div class=\"map_wrapper\" id=\"map_wrapper_15404\">\n<div class=\"map_box\" style=\"max-width:2000px\">\n<div class=\"map_aspect_ratio\" style=\"padding-top:56%\" data-padding-top=\"56%\" data-padding-top-mobile=\"0%\">\n<div class=\"map_container\">\n<div class=\"map_render map_loading\" id=\"map_15404\"><\/div>\n<\/div>\n<\/div>\n<\/div>\n<\/div><\/div>\n\t\t\t\t\t\t<\/div>\n\t\t\t\t<\/div>\n\t\t\t\t<\/div>\n\t\t\t\t\t<\/div>\n\t\t\t\t<\/div>\n\t\t<div class=\"elementor-element elementor-element-92c31fb e-flex e-con-boxed e-con e-parent\" data-id=\"92c31fb\" data-element_type=\"container\" data-e-type=\"container\" data-settings=\"{&quot;background_background&quot;:&quot;classic&quot;}\">\n\t\t\t\t\t<div class=\"e-con-inner\">\n\t\t<div class=\"elementor-element elementor-element-99bf78d e-con-full e-flex e-con e-child\" data-id=\"99bf78d\" data-element_type=\"container\" data-e-type=\"container\" data-settings=\"{&quot;background_background&quot;:&quot;classic&quot;}\">\n\t\t\t\t<div class=\"elementor-element elementor-element-7ce194c elementor-widget elementor-widget-spacer\" data-id=\"7ce194c\" data-element_type=\"widget\" data-e-type=\"widget\" data-widget_type=\"spacer.default\">\n\t\t\t\t<div class=\"elementor-widget-container\">\n\t\t\t\t\t\t\t<div class=\"elementor-spacer\">\n\t\t\t<div class=\"elementor-spacer-inner\"><\/div>\n\t\t<\/div>\n\t\t\t\t\t\t<\/div>\n\t\t\t\t<\/div>\n\t\t\t\t<div class=\"elementor-element elementor-element-0032d8d elementor-widget elementor-widget-image\" data-id=\"0032d8d\" data-element_type=\"widget\" data-e-type=\"widget\" data-widget_type=\"image.default\">\n\t\t\t\t<div class=\"elementor-widget-container\">\n\t\t\t\t\t\t\t\t\t\t\t\t\t\t\t\t<a href=\"https:\/\/www.directindustry.es\/prod\/oga-sistemvac-64910.html\" target=\"_blank\">\n\t\t\t\t\t\t\t<img fetchpriority=\"high\" decoding=\"async\" width=\"800\" height=\"800\" src=\"https:\/\/oga.com.co\/wp-content\/uploads\/2025\/04\/Alimentacion-de-Silos_-Transporte-Neumatico.webp\" class=\"attachment-large size-large wp-image-15618\" alt=\"\" srcset=\"https:\/\/oga.com.co\/wp-content\/uploads\/2025\/04\/Alimentacion-de-Silos_-Transporte-Neumatico.webp 1024w, https:\/\/oga.com.co\/wp-content\/uploads\/2025\/04\/Alimentacion-de-Silos_-Transporte-Neumatico-300x300.webp 300w, https:\/\/oga.com.co\/wp-content\/uploads\/2025\/04\/Alimentacion-de-Silos_-Transporte-Neumatico-150x150.webp 150w, https:\/\/oga.com.co\/wp-content\/uploads\/2025\/04\/Alimentacion-de-Silos_-Transporte-Neumatico-768x768.webp 768w, https:\/\/oga.com.co\/wp-content\/uploads\/2025\/04\/Alimentacion-de-Silos_-Transporte-Neumatico-12x12.webp 12w\" sizes=\"(max-width: 800px) 100vw, 800px\" \/>\t\t\t\t\t\t\t\t<\/a>\n\t\t\t\t\t\t\t\t\t\t\t\t\t\t\t<\/div>\n\t\t\t\t<\/div>\n\t\t\t\t<\/div>\n\t\t<div class=\"elementor-element elementor-element-985d792 e-con-full e-flex e-con e-child\" data-id=\"985d792\" data-element_type=\"container\" data-e-type=\"container\" data-settings=\"{&quot;background_background&quot;:&quot;classic&quot;}\">\n\t\t\t\t<div class=\"elementor-element elementor-element-1c37db4 elementor-widget elementor-widget-heading\" data-id=\"1c37db4\" data-element_type=\"widget\" data-e-type=\"widget\" data-widget_type=\"heading.default\">\n\t\t\t\t<div class=\"elementor-widget-container\">\n\t\t\t\t\t<h2 class=\"elementor-heading-title elementor-size-default\">\u00bfNecesitas ayuda inmediata?<\/h2>\t\t\t\t<\/div>\n\t\t\t\t<\/div>\n\t\t\t\t<div class=\"elementor-element elementor-element-cba0f32 elementor-widget elementor-widget-text-editor\" data-id=\"cba0f32\" data-element_type=\"widget\" data-e-type=\"widget\" data-widget_type=\"text-editor.default\">\n\t\t\t\t<div class=\"elementor-widget-container\">\n\t\t\t\t\t\t\t\t\t<p data-start=\"1411\" data-end=\"1578\"><span style=\"color: #2b5687;\">Si presentas alg\u00fan inconveniente adicional o deseas comunicarte directamente con nuestro equipo, puedes escribirnos a:<\/span><br data-start=\"1529\" data-end=\"1532\" \/><span style=\"color: #2b5687;\"><strong><a class=\"cursor-pointer\" style=\"color: #2b5687;\" href=\"mailto:info@oga.com.co\" rel=\"noopener\" data-start=\"1535\" data-end=\"1576\">info@oga.com.co <\/a><\/strong>Tambi\u00e9n te invitamos a visitar nuestra p\u00e1gina de contacto oficial: <strong><a style=\"color: #2b5687;\" href=\"https:\/\/oga.com.co\/contacto-oga\/\">www.oga.com.co\/contacto<\/a><\/strong><\/span><\/p><p data-start=\"1712\" data-end=\"1789\"><span style=\"color: #2b5687;\">All\u00ed encontrar\u00e1s canales alternativos de comunicaci\u00f3n y preguntas frecuentes.<\/span><\/p>\t\t\t\t\t\t\t\t<\/div>\n\t\t\t\t<\/div>\n\t\t\t\t<div class=\"elementor-element elementor-element-3b992b6 elementor-widget elementor-widget-text-editor\" data-id=\"3b992b6\" data-element_type=\"widget\" data-e-type=\"widget\" data-widget_type=\"text-editor.default\">\n\t\t\t\t<div class=\"elementor-widget-container\">\n\t\t\t\t\t\t\t\t\t<p data-start=\"334\" data-end=\"685\">En <strong data-start=\"337\" data-end=\"354\">OGA SISTEMVAC<\/strong>, valoramos la confianza que depositas al compartir tu informaci\u00f3n con nosotros. Por eso, te garantizamos que todos los datos que nos proporciones ser\u00e1n tratados con absoluta confidencialidad, siguiendo los m\u00e1s altos est\u00e1ndares de seguridad y conforme a las normativas legales vigentes en materia de protecci\u00f3n de datos personales.<\/p><p data-start=\"687\" data-end=\"1083\">Nuestra pol\u00edtica de tratamiento de datos est\u00e1 orientada a proteger tu identidad, evitando accesos no autorizados, p\u00e9rdidas de informaci\u00f3n o cualquier uso indebido. La informaci\u00f3n recolectada ser\u00e1 utilizada \u00fanicamente para fines comerciales, t\u00e9cnicos o administrativos relacionados con la solicitud o servicio que hayas requerido, y no ser\u00e1 compartida con terceros sin tu consentimiento expl\u00edcito.<\/p>\t\t\t\t\t\t\t\t<\/div>\n\t\t\t\t<\/div>\n\t\t\t\t<\/div>\n\t\t\t\t\t<\/div>\n\t\t\t\t<\/div>\n\t\t\t\t<\/div>\n\t\t","protected":false},"excerpt":{"rendered":"<p>\u00a1GRACIAS POR TU MENSAJE! Confirmaci\u00f3n de contacto con OGA SISTEMVAC Tu mensaje ha sido recibido correctamente por el equipo de especialistas de OGA SISTEMVAC. Hemos registrado tu solicitud y ser\u00e1 asignada a uno de nuestros profesionales seg\u00fan tu ubicaci\u00f3n geogr\u00e1fica para garantizarte una atenci\u00f3n personalizada, precisa y oportuna. \u00bfQu\u00e9 sigue despu\u00e9s de enviar tu mensaje [&hellip;]<\/p>\n","protected":false},"author":162,"featured_media":0,"parent":0,"menu_order":0,"comment_status":"closed","ping_status":"closed","template":"","meta":{"_joinchat":[],"footnotes":""},"class_list":["post-15647","page","type-page","status-publish","hentry"],"yoast_head":"<!-- This site is optimized with the Yoast SEO plugin v27.5 - https:\/\/yoast.com\/product\/yoast-seo-wordpress\/ -->\n<title>Mensaje recibido OGA SISTEMVAC<\/title>\n<meta name=\"description\" content=\"Hemos recibido tu mensaje en OGA SISTEMVAC. Pronto uno de nuestros especialistas se pondr\u00e1 en contacto contigo.\" \/>\n<meta name=\"robots\" content=\"index, follow, max-snippet:-1, max-image-preview:large, max-video-preview:-1\" \/>\n<link rel=\"canonical\" href=\"https:\/\/oga.com.co\/es\/mensaje-recibido-oga-sistemvac\/\" \/>\n<meta property=\"og:locale\" content=\"es_ES\" \/>\n<meta property=\"og:type\" content=\"article\" \/>\n<meta property=\"og:title\" content=\"Mensaje recibido OGA SISTEMVAC\" \/>\n<meta property=\"og:description\" content=\"Hemos recibido tu mensaje en OGA SISTEMVAC. Pronto uno de nuestros especialistas se pondr\u00e1 en contacto contigo.\" \/>\n<meta property=\"og:url\" content=\"https:\/\/oga.com.co\/es\/mensaje-recibido-oga-sistemvac\/\" \/>\n<meta property=\"og:site_name\" content=\"Sistemas de Transporte Neum\u00e1tico\" \/>\n<meta property=\"article:modified_time\" content=\"2025-06-26T01:49:10+00:00\" \/>\n<meta property=\"og:image\" content=\"https:\/\/oga.com.co\/wp-content\/uploads\/2025\/04\/Alimentacion-de-Silos_-Transporte-Neumatico.webp\" \/>\n<meta name=\"twitter:card\" content=\"summary_large_image\" \/>\n<meta name=\"twitter:label1\" content=\"Tiempo de lectura\" \/>\n\t<meta name=\"twitter:data1\" content=\"2 minutos\" \/>\n<script type=\"application\/ld+json\" class=\"yoast-schema-graph\">{\"@context\":\"https:\\\/\\\/schema.org\",\"@graph\":[{\"@type\":\"WebPage\",\"@id\":\"https:\\\/\\\/oga.com.co\\\/mensaje-recibido-oga-sistemvac\\\/\",\"url\":\"https:\\\/\\\/oga.com.co\\\/mensaje-recibido-oga-sistemvac\\\/\",\"name\":\"Mensaje recibido OGA SISTEMVAC\",\"isPartOf\":{\"@id\":\"https:\\\/\\\/oga.com.co\\\/#website\"},\"primaryImageOfPage\":{\"@id\":\"https:\\\/\\\/oga.com.co\\\/mensaje-recibido-oga-sistemvac\\\/#primaryimage\"},\"image\":{\"@id\":\"https:\\\/\\\/oga.com.co\\\/mensaje-recibido-oga-sistemvac\\\/#primaryimage\"},\"thumbnailUrl\":\"https:\\\/\\\/oga.com.co\\\/wp-content\\\/uploads\\\/2025\\\/04\\\/Alimentacion-de-Silos_-Transporte-Neumatico.webp\",\"datePublished\":\"2025-04-11T16:16:09+00:00\",\"dateModified\":\"2025-06-26T01:49:10+00:00\",\"description\":\"Hemos recibido tu mensaje en OGA SISTEMVAC. Pronto uno de nuestros especialistas se pondr\u00e1 en contacto contigo.\",\"breadcrumb\":{\"@id\":\"https:\\\/\\\/oga.com.co\\\/mensaje-recibido-oga-sistemvac\\\/#breadcrumb\"},\"inLanguage\":\"es\",\"potentialAction\":[{\"@type\":\"ReadAction\",\"target\":[\"https:\\\/\\\/oga.com.co\\\/mensaje-recibido-oga-sistemvac\\\/\"]}]},{\"@type\":\"ImageObject\",\"inLanguage\":\"es\",\"@id\":\"https:\\\/\\\/oga.com.co\\\/mensaje-recibido-oga-sistemvac\\\/#primaryimage\",\"url\":\"https:\\\/\\\/oga.com.co\\\/wp-content\\\/uploads\\\/2025\\\/04\\\/Alimentacion-de-Silos_-Transporte-Neumatico.webp\",\"contentUrl\":\"https:\\\/\\\/oga.com.co\\\/wp-content\\\/uploads\\\/2025\\\/04\\\/Alimentacion-de-Silos_-Transporte-Neumatico.webp\"},{\"@type\":\"BreadcrumbList\",\"@id\":\"https:\\\/\\\/oga.com.co\\\/mensaje-recibido-oga-sistemvac\\\/#breadcrumb\",\"itemListElement\":[{\"@type\":\"ListItem\",\"position\":1,\"name\":\"Inicio\",\"item\":\"https:\\\/\\\/oga.com.co\\\/\"},{\"@type\":\"ListItem\",\"position\":2,\"name\":\"P\u00e1gina Agradecimiento\"}]},{\"@type\":\"WebSite\",\"@id\":\"https:\\\/\\\/oga.com.co\\\/#website\",\"url\":\"https:\\\/\\\/oga.com.co\\\/\",\"name\":\"OGA SISTEMVAC \u2013 Sistemas de Transporte Neum\u00e1tico para Granos y Polvos\",\"description\":\"OGA SISTEMVAC dise\u00f1a y fabrica sistemas de transporte neum\u00e1tico industriales para granos, polvos y materiales a granel. Eficiencia, innovaci\u00f3n y confiabilidad para la industria.\",\"publisher\":{\"@id\":\"https:\\\/\\\/oga.com.co\\\/#organization\"},\"alternateName\":\"OGA SISTEMVAC \u2013 Transporte Neum\u00e1tico Industrial\",\"potentialAction\":[{\"@type\":\"SearchAction\",\"target\":{\"@type\":\"EntryPoint\",\"urlTemplate\":\"https:\\\/\\\/oga.com.co\\\/?s={search_term_string}\"},\"query-input\":{\"@type\":\"PropertyValueSpecification\",\"valueRequired\":true,\"valueName\":\"search_term_string\"}}],\"inLanguage\":\"es\"},{\"@type\":\"Organization\",\"@id\":\"https:\\\/\\\/oga.com.co\\\/#organization\",\"name\":\"OGA SISTEMVAC | Sistemas de Transporte Neum\u00e1tico Industriales\",\"alternateName\":\"OGA SISTEMVAC\",\"url\":\"https:\\\/\\\/oga.com.co\\\/\",\"logo\":{\"@type\":\"ImageObject\",\"inLanguage\":\"es\",\"@id\":\"https:\\\/\\\/oga.com.co\\\/#\\\/schema\\\/logo\\\/image\\\/\",\"url\":\"https:\\\/\\\/oga.com.co\\\/wp-content\\\/uploads\\\/2025\\\/11\\\/OGA-SISTEMVAC-SISTEMAS-DE-TRANSPORTE-NEUMATICO-scaled.png\",\"contentUrl\":\"https:\\\/\\\/oga.com.co\\\/wp-content\\\/uploads\\\/2025\\\/11\\\/OGA-SISTEMVAC-SISTEMAS-DE-TRANSPORTE-NEUMATICO-scaled.png\",\"width\":2560,\"height\":2560,\"caption\":\"OGA SISTEMVAC | Sistemas de Transporte Neum\u00e1tico Industriales\"},\"image\":{\"@id\":\"https:\\\/\\\/oga.com.co\\\/#\\\/schema\\\/logo\\\/image\\\/\"},\"sameAs\":[\"https:\\\/\\\/www.linkedin.com\\\/company\\\/ogasistemvac\\\/\"]}]}<\/script>\n<!-- \/ Yoast SEO plugin. -->","yoast_head_json":{"title":"Mensaje recibido OGA SISTEMVAC","description":"Hemos recibido tu mensaje en OGA SISTEMVAC. Pronto uno de nuestros especialistas se pondr\u00e1 en contacto contigo.","robots":{"index":"index","follow":"follow","max-snippet":"max-snippet:-1","max-image-preview":"max-image-preview:large","max-video-preview":"max-video-preview:-1"},"canonical":"https:\/\/oga.com.co\/es\/mensaje-recibido-oga-sistemvac\/","og_locale":"es_ES","og_type":"article","og_title":"Mensaje recibido OGA SISTEMVAC","og_description":"Hemos recibido tu mensaje en OGA SISTEMVAC. Pronto uno de nuestros especialistas se pondr\u00e1 en contacto contigo.","og_url":"https:\/\/oga.com.co\/es\/mensaje-recibido-oga-sistemvac\/","og_site_name":"Sistemas de Transporte Neum\u00e1tico","article_modified_time":"2025-06-26T01:49:10+00:00","og_image":[{"url":"https:\/\/oga.com.co\/wp-content\/uploads\/2025\/04\/Alimentacion-de-Silos_-Transporte-Neumatico.webp","type":"","width":"","height":""}],"twitter_card":"summary_large_image","twitter_misc":{"Tiempo de lectura":"2 minutos"},"schema":{"@context":"https:\/\/schema.org","@graph":[{"@type":"WebPage","@id":"https:\/\/oga.com.co\/mensaje-recibido-oga-sistemvac\/","url":"https:\/\/oga.com.co\/mensaje-recibido-oga-sistemvac\/","name":"Mensaje recibido OGA SISTEMVAC","isPartOf":{"@id":"https:\/\/oga.com.co\/#website"},"primaryImageOfPage":{"@id":"https:\/\/oga.com.co\/mensaje-recibido-oga-sistemvac\/#primaryimage"},"image":{"@id":"https:\/\/oga.com.co\/mensaje-recibido-oga-sistemvac\/#primaryimage"},"thumbnailUrl":"https:\/\/oga.com.co\/wp-content\/uploads\/2025\/04\/Alimentacion-de-Silos_-Transporte-Neumatico.webp","datePublished":"2025-04-11T16:16:09+00:00","dateModified":"2025-06-26T01:49:10+00:00","description":"Hemos recibido tu mensaje en OGA SISTEMVAC. Pronto uno de nuestros especialistas se pondr\u00e1 en contacto contigo.","breadcrumb":{"@id":"https:\/\/oga.com.co\/mensaje-recibido-oga-sistemvac\/#breadcrumb"},"inLanguage":"es","potentialAction":[{"@type":"ReadAction","target":["https:\/\/oga.com.co\/mensaje-recibido-oga-sistemvac\/"]}]},{"@type":"ImageObject","inLanguage":"es","@id":"https:\/\/oga.com.co\/mensaje-recibido-oga-sistemvac\/#primaryimage","url":"https:\/\/oga.com.co\/wp-content\/uploads\/2025\/04\/Alimentacion-de-Silos_-Transporte-Neumatico.webp","contentUrl":"https:\/\/oga.com.co\/wp-content\/uploads\/2025\/04\/Alimentacion-de-Silos_-Transporte-Neumatico.webp"},{"@type":"BreadcrumbList","@id":"https:\/\/oga.com.co\/mensaje-recibido-oga-sistemvac\/#breadcrumb","itemListElement":[{"@type":"ListItem","position":1,"name":"Inicio","item":"https:\/\/oga.com.co\/"},{"@type":"ListItem","position":2,"name":"P\u00e1gina Agradecimiento"}]},{"@type":"WebSite","@id":"https:\/\/oga.com.co\/#website","url":"https:\/\/oga.com.co\/","name":"OGA SISTEMVAC \u2013 Sistemas de Transporte Neum\u00e1tico para Granos y Polvos","description":"OGA SISTEMVAC dise\u00f1a y fabrica sistemas de transporte neum\u00e1tico industriales para granos, polvos y materiales a granel. Eficiencia, innovaci\u00f3n y confiabilidad para la industria.","publisher":{"@id":"https:\/\/oga.com.co\/#organization"},"alternateName":"OGA SISTEMVAC \u2013 Transporte Neum\u00e1tico Industrial","potentialAction":[{"@type":"SearchAction","target":{"@type":"EntryPoint","urlTemplate":"https:\/\/oga.com.co\/?s={search_term_string}"},"query-input":{"@type":"PropertyValueSpecification","valueRequired":true,"valueName":"search_term_string"}}],"inLanguage":"es"},{"@type":"Organization","@id":"https:\/\/oga.com.co\/#organization","name":"OGA SISTEMVAC | Sistemas de Transporte Neum\u00e1tico Industriales","alternateName":"OGA SISTEMVAC","url":"https:\/\/oga.com.co\/","logo":{"@type":"ImageObject","inLanguage":"es","@id":"https:\/\/oga.com.co\/#\/schema\/logo\/image\/","url":"https:\/\/oga.com.co\/wp-content\/uploads\/2025\/11\/OGA-SISTEMVAC-SISTEMAS-DE-TRANSPORTE-NEUMATICO-scaled.png","contentUrl":"https:\/\/oga.com.co\/wp-content\/uploads\/2025\/11\/OGA-SISTEMVAC-SISTEMAS-DE-TRANSPORTE-NEUMATICO-scaled.png","width":2560,"height":2560,"caption":"OGA SISTEMVAC | Sistemas de Transporte Neum\u00e1tico Industriales"},"image":{"@id":"https:\/\/oga.com.co\/#\/schema\/logo\/image\/"},"sameAs":["https:\/\/www.linkedin.com\/company\/ogasistemvac\/"]}]}},"_links":{"self":[{"href":"https:\/\/oga.com.co\/es\/wp-json\/wp\/v2\/pages\/15647","targetHints":{"allow":["GET"]}}],"collection":[{"href":"https:\/\/oga.com.co\/es\/wp-json\/wp\/v2\/pages"}],"about":[{"href":"https:\/\/oga.com.co\/es\/wp-json\/wp\/v2\/types\/page"}],"author":[{"embeddable":true,"href":"https:\/\/oga.com.co\/es\/wp-json\/wp\/v2\/users\/162"}],"replies":[{"embeddable":true,"href":"https:\/\/oga.com.co\/es\/wp-json\/wp\/v2\/comments?post=15647"}],"version-history":[{"count":5,"href":"https:\/\/oga.com.co\/es\/wp-json\/wp\/v2\/pages\/15647\/revisions"}],"predecessor-version":[{"id":16418,"href":"https:\/\/oga.com.co\/es\/wp-json\/wp\/v2\/pages\/15647\/revisions\/16418"}],"wp:attachment":[{"href":"https:\/\/oga.com.co\/es\/wp-json\/wp\/v2\/media?parent=15647"}],"curies":[{"name":"wp","href":"https:\/\/api.w.org\/{rel}","templated":true}]}}